{"id":9,"date":"2016-08-03T13:14:37","date_gmt":"2016-08-03T13:14:37","guid":{"rendered":"http:\/\/demo.olevmedia.net\/wheelsberry\/?page_id=9"},"modified":"2022-04-12T17:41:01","modified_gmt":"2022-04-12T17:41:01","slug":"homepage","status":"publish","type":"page","link":"https:\/\/trebolrentacar.com\/es\/","title":{"rendered":"Homepage"},"content":{"rendered":"<div id=\"services\" class=\"vc_row wpb_row vc_row-fluid om-container vc_row-full-width\"><div class=\"om-container\"><div class=\"wpb_column vc_column_container vc_col-sm-12\"><div class=\"vc_column-inner\"><div class=\"wpb_wrapper\"><div class=\"vc_custom_heading\" ><h2  style=\"text-align: center\" >Nuestros servicios<\/h2><div class=\"vc_custom_heading__additional\" style=\"text-align:center\">El mejor servicio del mundo<\/div><\/div><div class=\"vc_om-max-width om-mw-align-center\" style=\"max-width:960px\"><div class=\"vc_om-services wpb_content_element owl-carousel\" data-top-padding=\"250\" data-bottom-padding=\"100\"><div class=\"om-services__item\" style=\"background-image:url(https:\/\/trebolrentacar.com\/wp-content\/uploads\/2016\/08\/SHUTTERSTOCK_84012001-10.jpg);background-size:contain\"><div class=\"om-services__pane\"><h3 class=\"om-services__title\">Chauffeur Drive<\/h3><div class=\"om-services__description\"><p>Start your journey with the luxury of a chauffeured transfer. Trebol Rent a Car\u00aechauffeurs can be waiting for you when you arrive at your destination and return you to the airport for your flight home.<\/p>\n<\/div><a href=\"\" class=\"om-services__link\"><\/a><\/div><\/div><div class=\"om-services__item\" style=\"background-image:url(https:\/\/trebolrentacar.com\/wp-content\/uploads\/2016\/08\/SHUTTERSTOCK_111951167-10.jpg);background-size:contain\"><div class=\"om-services__pane\"><h3 class=\"om-services__title\">Fuel Plans<\/h3><div class=\"om-services__description\"><p>Trebol Rent a Car \u00ae offers a number of convenient car rental fuel plan options. Pay in advance for a full tank of gas and bring the car back empty or simply purchase a full tank just before you return the car to drop-off location.<\/p>\n<\/div><a href=\"\" class=\"om-services__link\"><\/a><\/div><\/div><div class=\"om-services__item\" style=\"background-image:url(https:\/\/trebolrentacar.com\/wp-content\/uploads\/2016\/08\/SHUTTERSTOCK_59980393-10.jpg);background-size:contain\"><div class=\"om-services__pane\"><h3 class=\"om-services__title\">Tomar y devolver el auto<\/h3><div class=\"om-services__description\"><p>Justo cuando pensaba que el excelente servicio que recibe de nosotros no podr\u00eda ser mejor, el alquiler de Trebol Rent a Car\u00ae ahora ofrece servicio de recogida y entrega del cliente a su oficina, hogar o taller de reparaci\u00f3n.<\/p>\n<\/div><\/div><\/div><\/div><\/div><div class=\"vc_empty_space\"   style=\"height: 40px\"><span class=\"vc_empty_space_inner\"><\/span><\/div><\/div><\/div><\/div><\/div><\/div><div id=\"about\" class=\"vc_row wpb_row vc_row-fluid om-container vc_custom_1470245913143 vc_row-has-fill vc_row-full-width\"><div class=\"om-container\"><div class=\"wpb_column vc_column_container vc_col-sm-12\"><div class=\"vc_column-inner\"><div class=\"wpb_wrapper\"><div class=\"vc_empty_space\"   style=\"height: 40px\"><span class=\"vc_empty_space_inner\"><\/span><\/div><div class=\"vc_custom_heading\" ><h2  style=\"text-align: center\" >Sobre Nosotros<\/h2><div class=\"vc_custom_heading__additional\" style=\"text-align:center\">AMPLIA GAMA DE VEH\u00cdCULOS DE LUJO, 4x4 Y SUV<\/div><\/div><div class=\"vc_om-about wpb_content_element owl-carousel\"><div class=\"om-about__item\"><div class=\"om-about__item-inner\"><div class=\"om-about__img\" style=\"background-image:url(https:\/\/trebolrentacar.com\/wp-content\/uploads\/2016\/08\/road-people-street-smartphone-10.jpg)\"><\/div><div class=\"om-about__pane\"><div class=\"om-about__pane-inner\"><h3 class=\"om-about__title\">Rent a Car<\/h3><div class=\"om-about__media om-about__media--counter\"><div class=\"om-about__counter-value\">3500<\/div><div class=\"om-about__counter-title\">Clientes felices<\/div><\/div><div class=\"om-about__description\"><p>Es sin\u00f3nimo de movilidad y soluciones a su medida. Con Trebol Rent a Car\u00ae lideramos con la innovaci\u00f3n en el sector del alquiler de coches. Servicio al cliente de alta calidad y experiencia de alquiler perfecta.<\/p>\n<\/div><\/div><\/div><\/div><\/div><div class=\"om-about__item\"><div class=\"om-about__item-inner\"><div class=\"om-about__img\" style=\"background-image:url(https:\/\/trebolrentacar.com\/wp-content\/uploads\/2016\/08\/photo-1451866961142-cd9f8c737e8b-10.jpg)\"><\/div><div class=\"om-about__pane\"><div class=\"om-about__pane-inner\"><h3 class=\"om-about__title\">About cars<\/h3><div class=\"om-about__media om-about__media--image\"><img decoding=\"async\" src=\"https:\/\/trebolrentacar.com\/wp-content\/uploads\/2016\/08\/map-10.png\"><\/div><div class=\"om-about__description\"><p>Con Trebol Rent a car \u00ae disfruta de un auto 2022 en tus vacaciones, reserva desde cualquier parte del mundo<\/p>\n<\/div><\/div><\/div><\/div><\/div><div class=\"om-about__item\"><div class=\"om-about__item-inner\"><div class=\"om-about__img\" style=\"background-image:url(https:\/\/trebolrentacar.com\/wp-content\/uploads\/2016\/08\/about3-10-740x486.jpg)\"><\/div><div class=\"om-about__pane\"><div class=\"om-about__pane-inner\"><h3 class=\"om-about__title\">Best car rental rates<\/h3><div class=\"om-about__media om-about__media--image\"><img decoding=\"async\" src=\"https:\/\/trebolrentacar.com\/wp-content\/uploads\/2016\/08\/icon-ok-10.png\"><\/div><div class=\"om-about__description\"><p>Trebol Rent a Car \u00ae es una empresa 100% nacional y familiar. Con una larga experiencia, desde el 2010<\/p>\n<\/div><\/div><\/div><\/div><\/div><\/div><div class=\"vc_empty_space\"   style=\"height: 40px\"><span class=\"vc_empty_space_inner\"><\/span><\/div><\/div><\/div><\/div><\/div><\/div><div id=\"testimonials\" class=\"vc_row wpb_row vc_row-fluid om-container vc_custom_1470247299737 vc_row-has-fill vc_row-full-width\"><div class=\"om-container\"><div class=\"wpb_column vc_column_container vc_col-sm-12\"><div class=\"vc_column-inner\"><div class=\"wpb_wrapper\"><div class=\"vc_empty_space\"   style=\"height: 40px\"><span class=\"vc_empty_space_inner\"><\/span><\/div><h2  style=\"text-align: center\" class=\"vc_custom_heading\" >Comentarios de nuestros clientes<\/h2><div class=\"vc_om-testimonials wpb_content_element owl-carousel\"><div class=\"om-testimonials__item\"><div class=\"om-testimonials__content\"><p>Excelente servicio Marcos. Te agracemos por la rapidez en traernos el auto hasta Monteverde un s\u00e1bado por la tarde. Son una agencia muy confiable y responsable. Saludos. Alejandra y Claudio de Argentina.<\/p>\n<\/div><div class=\"om-testimonials__author\">Alejandra brun<\/div><\/div><div class=\"om-testimonials__item\"><div class=\"om-testimonials__content\"><p>Great car and very helpful, friendly staff! We were surprised to find the rental car my husband had arranged from the US was a complete fraud and we found ourselves stranded. Luckily, the folks at our lodging in La Fortuna had suggested Trebol Rent a Car. Irene was terrific to deal with and we were able to leave the car at the airport for one of the Trebol employees to pick up. We really enjoyed having a car while in CR &#8230; yes, it&#8217;s an expensive add-on to a vacation but we were on our own timeline and it worked for us. This is an honest business in a busy tourist area; I recommend them!<\/p>\n<\/div><div class=\"om-testimonials__author\">Tiffanny Hale<\/div><\/div><div class=\"om-testimonials__item\"><div class=\"om-testimonials__content\"><p>Trebol was super easy to work with. We easily booked our car and greatly appreciated the transparent pricing. When you book cars in Costa Rica on the big travel websites, its a bait and switch bc they don&#8217;t tell you about the insurance costs up front. The representative met us when we arrived and our car was great for our 2 week adventure. Highly recommend! We hope to come back soon and will absolutely use Trebol again.<\/p>\n<\/div><div class=\"om-testimonials__author\">Amy R.<\/div><\/div><\/div><div class=\"vc_empty_space\"   style=\"height: 40px\"><span class=\"vc_empty_space_inner\"><\/span><\/div><\/div><\/div><\/div><\/div><\/div><div id=\"locations\" class=\"vc_row wpb_row vc_row-fluid om-container vc_row-full-width vc_row-stretch-content vc_row-no-padding\"><div class=\"om-container\"><div class=\"wpb_column vc_column_container vc_col-sm-12\"><div class=\"vc_column-inner\"><div class=\"wpb_wrapper\">\t<div class=\"vc_om-rental-locations\" >\n\t\t<div class=\"om-rental-locations__header\">\n\t\t\t<div class=\"om-container\">\n\t\t\t\t<div class=\"om-rental-locations__header-inner om-container__inner\">\n\t\t\t\t\t\t\t\t\t\t\t<h3 class=\"om-rental-locations__title\">Oficinas<\/h3>\n\t\t\t\t\t\t\t\t\t\t<div class=\"om-rental-locations__selector\">\n\t\t\t\t\t\t<select class=\"om-rental-locations__select\">\n\t\t\t\t\t\t<option value=\"17\" data-address=\"Alquiler de Veh\u00edculos Tr\u00e9bol, Calle 466, Provincia de Alajuela, La Fortuna, Barrio Pastoral, 21007 Costa Rica\" data-geo-lat=\"10.4719743\" data-geo-lng=\"-84.6435521\">La Fortuna<\/option><option value=\"21\" data-address=\"Liberia Airport Internacional, Boulevard Aeropuerto, Provincia de Guanacaste, Liberia\" data-geo-lat=\"10.5951762\" data-geo-lng=\"-85.5386296\">Liberia Airport Internacional<\/option><option value=\"20\" data-address=\"Aeropuerto Internacional Juan Santamar\u00eda, Provincia de Alajuela, Alajuela\" data-geo-lat=\"10.01625\" data-geo-lng=\"-84.21163\">SJO Airport<\/option><option value=\"294\" data-address=\"Puesto de control Dominical, Carretera Pac\u00edfica Fern\u00e1ndez Oreamuno, Provincia Puntarenas, Savegre, 60602 Costa Rica\" data-geo-lat=\"9.258983\" data-geo-lng=\"-83.8639423\">Dominical<\/option><option value=\"288\" data-address=\"Provincia de Guanacaste, Tamarindo\" data-geo-lat=\"10.302834\" data-geo-lng=\"-85.8385625\">Tamarindo<\/option><option value=\"289\" data-address=\"MEPE - bus a Cahuita, Manzanillo, Sixaloa, San Jos\u00e9, Lim\u00f3n, Avenida 73, Provincia Lim\u00f3n, Cahuita, Puerto Viejo, 70403 Costa Rica\" data-geo-lat=\"9.6568332\" data-geo-lng=\"-82.7556163\">Puerto Viejo<\/option><option value=\"290\" data-address=\"Provincia Lim\u00f3n, Colorado, 70206 Costa Rica\" data-geo-lat=\"10.5420309\" data-geo-lng=\"-83.5027623\">Tortuguero<\/option><option value=\"291\" data-address=\"monteverde, Avenida 1, Provincia Puntarenas, Monte Verde, Barrio Las Orqu\u00eddeas, 61201 Costa Rica\" data-geo-lat=\"10.3175819\" data-geo-lng=\"-84.8212091\">Monteverde<\/option><option value=\"292\" data-address=\"Santa Teresa, Calle Colibri, Provincia Puntarenas, C\u00f3bano, 60111 Costa Rica\" data-geo-lat=\"9.6483\" data-geo-lng=\"-85.1710588\">Santa Teresa<\/option><option value=\"293\" data-address=\"Provincia de Guanacaste, S\u00e1mara, 50205 Costa Rica\" data-geo-lat=\"9.8834197\" data-geo-lng=\"-85.5288998\">Samara<\/option><option value=\"18\" data-address=\"Provincia Puntarenas, Jac\u00f3, 61101 Costa Rica\" data-geo-lat=\"9.6209492\" data-geo-lng=\"-84.6271739\">Jac\u00f3<\/option><option value=\"19\" data-address=\"Manuel Antonio, Provincia de Puntarenas, Quepos\" data-geo-lat=\"9.4107288\" data-geo-lng=\"-84.1557625\">Manuel Antonio<\/option>\t\t\t\t\t\t<\/select>\n\t\t\t\t\t<\/div>\n\t\t\t\t<\/div>\n\t\t\t<\/div>\n\t\t<\/div>\n\t\t<div class=\"om-rental-locations__map\" style=\"height:370px\" data-map-zoom=\"16\" data-map-marker=\"https:\/\/trebolrentacar.com\/wp-content\/themes\/wheelsberry\/img\/map-marker.png\"><\/div>\n\t<\/div>\n\t<\/div><\/div><\/div><\/div><\/div><div id=\"contacts\" class=\"vc_row wpb_row vc_row-fluid om-container vc_row-full-width\"><div class=\"om-container\"><div class=\"wpb_column vc_column_container vc_col-sm-12\"><div class=\"vc_column-inner\"><div class=\"wpb_wrapper\"><div class=\"vc_empty_space\"   style=\"height: 40px\"><span class=\"vc_empty_space_inner\"><\/span><\/div><div class=\"vc_custom_heading\" ><h2  style=\"text-align: center\" >Customers center<\/h2><div class=\"vc_custom_heading__additional\" style=\"text-align:center\">Feel free to contact us with any questions<\/div><\/div><div class=\"vc_om-persons wpb_content_element owl-carousel\"><div class=\"om-persons__item\" style=\"margin-right:32px;margin-top:70px\"><div class=\"om-persons__content\"><div class=\"om-persons__name\"><h4>Irene Arguedas<\/h4><\/div><div class=\"om-persons__post\">Gerente de Soporte<\/div><div class=\"om-persons__sep\"><\/div><div class=\"om-persons__phone\"><span class=\"om-persons__phone-label\">Phone:<\/span>+506-2479-0010<\/div><div class=\"om-persons__email\"><span class=\"om-persons__email-label\">Email:<\/span><a href=\"mailto:iarguedas@trebolrentacar.com\">iarguedas@trebolrentacar.com<\/a><\/div><\/div><div class=\"om-persons__img om-persons__img--stand-out\"  style=\"margin-right:-32px;margin-top:-70px\"><div class=\"om-persons__img-inner\"><img decoding=\"async\" src=\"https:\/\/trebolrentacar.com\/wp-content\/uploads\/2016\/08\/person3-10.png\" alt=\"Irene Arguedas\" \/><\/div><\/div><\/div><div class=\"om-persons__item\" style=\"margin-right:32px;margin-top:70px\"><div class=\"om-persons__content\"><div class=\"om-persons__name\"><h4>Marco Garcia<\/h4><\/div><div class=\"om-persons__post\">Gerente<\/div><div class=\"om-persons__sep\"><\/div><div class=\"om-persons__phone\"><span class=\"om-persons__phone-label\">Phone:<\/span>+506-2479-0010<\/div><div class=\"om-persons__email\"><span class=\"om-persons__email-label\">Email:<\/span><a href=\"mailto:mgarcia@trebolrentacar.com\">mgarcia@trebolrentacar.com<\/a><\/div><\/div><div class=\"om-persons__img om-persons__img--stand-out\"  style=\"margin-right:-32px;margin-top:-70px\"><div class=\"om-persons__img-inner\"><img decoding=\"async\" src=\"https:\/\/trebolrentacar.com\/wp-content\/uploads\/2016\/08\/person1-10.png\" alt=\"Marco Garcia\" \/><\/div><\/div><\/div><\/div><div class=\"vc_empty_space\"   style=\"height: 20px\"><span class=\"vc_empty_space_inner\"><\/span><\/div><\/div><\/div><\/div><\/div><\/div>","protected":false},"excerpt":{"rendered":"","protected":false},"author":1,"featured_media":0,"parent":0,"menu_order":0,"comment_status":"closed","ping_status":"closed","template":"","meta":{"footnotes":""},"class_list":["post-9","page","type-page","status-publish","hentry"],"_links":{"self":[{"href":"https:\/\/trebolrentacar.com\/es\/wp-json\/wp\/v2\/pages\/9","targetHints":{"allow":["GET"]}}],"collection":[{"href":"https:\/\/trebolrentacar.com\/es\/wp-json\/wp\/v2\/pages"}],"about":[{"href":"https:\/\/trebolrentacar.com\/es\/wp-json\/wp\/v2\/types\/page"}],"author":[{"embeddable":true,"href":"https:\/\/trebolrentacar.com\/es\/wp-json\/wp\/v2\/users\/1"}],"replies":[{"embeddable":true,"href":"https:\/\/trebolrentacar.com\/es\/wp-json\/wp\/v2\/comments?post=9"}],"version-history":[{"count":9,"href":"https:\/\/trebolrentacar.com\/es\/wp-json\/wp\/v2\/pages\/9\/revisions"}],"predecessor-version":[{"id":4104,"href":"https:\/\/trebolrentacar.com\/es\/wp-json\/wp\/v2\/pages\/9\/revisions\/4104"}],"wp:attachment":[{"href":"https:\/\/trebolrentacar.com\/es\/wp-json\/wp\/v2\/media?parent=9"}],"curies":[{"name":"wp","href":"https:\/\/api.w.org\/{rel}","templated":true}]}}