{"id":122,"date":"2016-08-15T12:15:25","date_gmt":"2016-08-15T12:15:25","guid":{"rendered":"http:\/\/demo.olevmedia.net\/wheelsberry\/?page_id=122"},"modified":"2021-10-19T18:10:07","modified_gmt":"2021-10-19T18:10:07","slug":"news","status":"publish","type":"page","link":"https:\/\/trebolrentacar.com\/es\/news\/","title":{"rendered":"Noticias"},"content":{"rendered":"<div class=\"vc_row wpb_row vc_row-fluid om-container vc_row-full-width\"><div class=\"om-container\"><div class=\"wpb_column vc_column_container vc_col-sm-12\"><div class=\"vc_column-inner\"><div class=\"wpb_wrapper\"><h3  style=\"text-align: center\" class=\"vc_custom_heading\" >Todo lo que debes saber<\/h3><div class=\"vc_tta-container\" data-vc-action=\"collapse\"><div class=\"vc_general vc_tta vc_tta-tabs vc_tta-color-grey vc_tta-style-classic vc_tta-shape-rounded vc_tta-spacing-10 vc_tta-tabs-position-top vc_tta-controls-align-left\"><div class=\"vc_tta-tabs-container\"><ul class=\"vc_tta-tabs-list\"><li class=\"vc_tta-tab vc_active\" data-vc-tab><a href=\"#1471263978860-bef64f50-2bf8\" data-vc-tabs data-vc-container=\".vc_tta\"><span class=\"vc_tta-title-text\">Seguro b\u00e1sico<\/span><\/a><\/li><li class=\"vc_tta-tab\" data-vc-tab><a href=\"#1471263978895-aa3a0e1a-0b67\" data-vc-tabs data-vc-container=\".vc_tta\"><span class=\"vc_tta-title-text\">Full Seguro<\/span><\/a><\/li><\/ul><\/div><div class=\"vc_tta-panels-container\"><div class=\"vc_tta-panels\"><div class=\"vc_tta-panel vc_active\" id=\"1471263978860-bef64f50-2bf8\" data-vc-content=\".vc_tta-panel-body\"><div class=\"vc_tta-panel-heading\"><h4 class=\"vc_tta-panel-title\"><a href=\"#1471263978860-bef64f50-2bf8\" data-vc-accordion data-vc-container=\".vc_tta-container\"><span class=\"vc_tta-title-text\">Seguro b\u00e1sico<\/span><\/a><\/h4><\/div><div class=\"vc_tta-panel-body\">\n\t<div class=\"wpb_text_column wpb_content_element\" >\n\t\t<div class=\"wpb_wrapper\">\n\t\t\t<p>Es obligatorio en Costa Rica y est\u00e1 incluido en el precio.<br \/>\nEste es un producto combinado que incluye da\u00f1os por colisi\u00f3n y seguro a terceros.<br \/>\nSi hay da\u00f1os en el coche de alquiler o si hay un accidente, el cliente debe ser responsable de pagar los deducibles. El monto m\u00e1ximo deducible a pagar a TREBOL RENT A CAR en caso de da\u00f1os ocasionados al veh\u00edculo alquilado es de US$ 1,500.00 (mil quinientos d\u00f3lares). Si hubiere da\u00f1o causado a la propiedad de terceros, la franquicia ser\u00e1 del 20% (veinte por ciento) del total del da\u00f1o. El deducible m\u00ednimo en caso de da\u00f1os causados a terceros es de US$ 750,00 (setecientos cincuenta d\u00f3lares). El deducible en caso de robo ser\u00e1 de US$ 3.000,00 (tres mil d\u00f3lares).<\/p>\n\n\t\t<\/div>\n\t<\/div>\n<\/div><\/div><div class=\"vc_tta-panel\" id=\"1471263978895-aa3a0e1a-0b67\" data-vc-content=\".vc_tta-panel-body\"><div class=\"vc_tta-panel-heading\"><h4 class=\"vc_tta-panel-title\"><a href=\"#1471263978895-aa3a0e1a-0b67\" data-vc-accordion data-vc-container=\".vc_tta-container\"><span class=\"vc_tta-title-text\">Full Seguro<\/span><\/a><\/h4><\/div><div class=\"vc_tta-panel-body\">\n\t<div class=\"wpb_text_column wpb_content_element\" >\n\t\t<div class=\"wpb_wrapper\">\n\t\t\t<p>En el caso de:<br \/>\nProtecci\u00f3n contra accidentes (opcional)<br \/>\nTrebol Rent a Car ofrece esta protecci\u00f3n que eliminar\u00e1 el pago de franquicias en caso de accidente tanto para: el auto alquilado como para la propiedad de terceros.<br \/>\nProtecci\u00f3n contra robo (Opcional)<br \/>\nCuando un cliente toma esta opci\u00f3n, no pagar\u00e1 ning\u00fan deducible en caso de robo (robo total o parcial). Esta cobertura no cubre art\u00edculos personales.<\/p>\n\n\t\t<\/div>\n\t<\/div>\n<\/div><\/div><\/div><\/div><\/div><\/div><div class=\"vc_empty_space\"   style=\"height: 1px\"><span class=\"vc_empty_space_inner\"><\/span><\/div><h3  style=\"text-align: center\" class=\"vc_custom_heading\" >Take a look<\/h3><div class=\"vc_tta-container\" data-vc-action=\"collapse\"><div class=\"vc_general vc_tta vc_tta-tabs vc_tta-color-grey vc_tta-style-classic vc_tta-shape-rounded vc_tta-spacing-20 vc_tta-tabs-position-left vc_tta-controls-align-left\"><div class=\"vc_tta-tabs-container\"><ul class=\"vc_tta-tabs-list\"><li class=\"vc_tta-tab vc_active\" data-vc-tab><a href=\"#1471264124208-ed9814e0-3fe1\" data-vc-tabs data-vc-container=\".vc_tta\"><span class=\"vc_tta-title-text\">Sobre nosotros<\/span><\/a><\/li><li class=\"vc_tta-tab\" data-vc-tab><a href=\"#1471264124282-b0884f3e-bba8\" data-vc-tabs data-vc-container=\".vc_tta\"><span class=\"vc_tta-title-text\">Politica de privacidad<\/span><\/a><\/li><li class=\"vc_tta-tab\" data-vc-tab><a href=\"#1471264150662-34f915ac-95aa\" data-vc-tabs data-vc-container=\".vc_tta\"><span class=\"vc_tta-title-text\">COVID -19<\/span><\/a><\/li><\/ul><\/div><div class=\"vc_tta-panels-container\"><div class=\"vc_tta-panels\"><div class=\"vc_tta-panel vc_active\" id=\"1471264124208-ed9814e0-3fe1\" data-vc-content=\".vc_tta-panel-body\"><div class=\"vc_tta-panel-heading\"><h4 class=\"vc_tta-panel-title\"><a href=\"#1471264124208-ed9814e0-3fe1\" data-vc-accordion data-vc-container=\".vc_tta-container\"><span class=\"vc_tta-title-text\">Sobre nosotros<\/span><\/a><\/h4><\/div><div class=\"vc_tta-panel-body\">\n\t<div class=\"wpb_text_column wpb_content_element\" >\n\t\t<div class=\"wpb_wrapper\">\n\t\t\t<p><strong>Somos una empresa 100% nacional y familiar<\/strong><\/p>\n<p>Trabajamos como una empresa de alquiler de autos desde 2010 y nuestro objetivo es brindarle la mejor experiencia que pueda tener mientras conduce por Costa Rica. Te brindamos la comodidad, la seguridad y todos los complementos que necesitas para tener un viaje seguro y feliz a cualquier destino de nuestro pa\u00eds.<\/p>\n<p>Nuestro principal objetivo es lograr la mejora continua en nuestras actividades con el fin de brindar un servicio que asegure la entrega oportuna y su correspondiente respaldo es por ello que nuestro equipo profesional se encuentra en constante capacitaci\u00f3n con el fin de mantenerse actualizado sobre los cambios e innovaciones tecnol\u00f3gicas que se presentan en nuestro medio. .<\/p>\n\n\t\t<\/div>\n\t<\/div>\n<\/div><\/div><div class=\"vc_tta-panel\" id=\"1471264124282-b0884f3e-bba8\" data-vc-content=\".vc_tta-panel-body\"><div class=\"vc_tta-panel-heading\"><h4 class=\"vc_tta-panel-title\"><a href=\"#1471264124282-b0884f3e-bba8\" data-vc-accordion data-vc-container=\".vc_tta-container\"><span class=\"vc_tta-title-text\">Politica de privacidad<\/span><\/a><\/h4><\/div><div class=\"vc_tta-panel-body\">\n\t<div class=\"wpb_text_column wpb_content_element\" >\n\t\t<div class=\"wpb_wrapper\">\n\t\t\t<p>Acerca de la informaci\u00f3n que se recopila<br \/>\nNuestro sitio web puede recopilar informaci\u00f3n personal como: Nombre, informaci\u00f3n de contacto como su direcci\u00f3n de correo electr\u00f3nico e informaci\u00f3n demogr\u00e1fica. Asimismo, cuando sea necesario, se podr\u00e1 requerir informaci\u00f3n espec\u00edfica para procesar un pedido o realizar una entrega o facturaci\u00f3n.<br \/>\nUso de la informaci\u00f3n<br \/>\nNuestro sitio web utiliza la informaci\u00f3n con el fin de brindar el mejor servicio posible, particularmente para mantener un registro de usuarios, pedidos si corresponde, y mejorar nuestros productos y servicios.<br \/>\nEsta empresa no vender\u00e1, transferir\u00e1 o distribuir\u00e1 la informaci\u00f3n personal que se recopila sin su consentimiento, a menos que sea requerido por un juez con una orden judicial.<\/p>\n\n\t\t<\/div>\n\t<\/div>\n<\/div><\/div><div class=\"vc_tta-panel\" id=\"1471264150662-34f915ac-95aa\" data-vc-content=\".vc_tta-panel-body\"><div class=\"vc_tta-panel-heading\"><h4 class=\"vc_tta-panel-title\"><a href=\"#1471264150662-34f915ac-95aa\" data-vc-accordion data-vc-container=\".vc_tta-container\"><span class=\"vc_tta-title-text\">COVID -19<\/span><\/a><\/h4><\/div><div class=\"vc_tta-panel-body\">\n\t<div class=\"wpb_text_column wpb_content_element\" >\n\t\t<div class=\"wpb_wrapper\">\n\t\t\t<p>Brindamos el mejor servicio de limpieza y lavado profundo maximizando la vida \u00fatil de sus activos con la mejor calidad del pa\u00eds. El ozono es un elemento que consigue un alto poder desinfectante al neutralizar virus, hongos y bacterias. Por eso se ha popularizado tanto su uso, ya que tras un correcto tratamiento del interior de nuestro coche con Ozono, la posibilidad de supervivencia de estos organismos es pr\u00e1cticamente nula. Para que te hagas una idea de su poder, es hasta 50 veces m\u00e1s potente que el cloro o sus derivados (lej\u00eda), adem\u00e1s de tener un poder de actuaci\u00f3n instant\u00e1neo y sin dejar residuos tras su aplicaci\u00f3n. Adem\u00e1s, dada la multitud de materiales presentes en el interior de un coche, tiene la ventaja de no atacar materiales que tienden a degradarse en presencia de sustancias detergentes. Finalmente, gracias a su poder neutralizador de hongos y bacterias, permite erradicar los malos olores en tapicer\u00edas, moquetas o sistema de aire acondicionado.<\/p>\n\n\t\t<\/div>\n\t<\/div>\n<\/div><\/div><\/div><\/div><\/div><\/div><div class=\"vc_empty_space\"   style=\"height: 1px\"><span class=\"vc_empty_space_inner\"><\/span><\/div><h3  style=\"text-align: center\" class=\"vc_custom_heading\" >Por que rentar con nosotros<\/h3><div class=\"vc_tta-container\" data-vc-action=\"collapse\"><div class=\"vc_general vc_tta vc_tta-accordion vc_tta-color-grey vc_tta-style-classic vc_tta-shape-rounded vc_tta-o-shape-group vc_tta-controls-align-left\"><div class=\"vc_tta-panels-container\"><div class=\"vc_tta-panels\"><div class=\"vc_tta-panel vc_active\" id=\"1471278112727-32ea2f60-ef65\" data-vc-content=\".vc_tta-panel-body\"><div class=\"vc_tta-panel-heading\"><h4 class=\"vc_tta-panel-title vc_tta-controls-icon-position-left\"><a href=\"#1471278112727-32ea2f60-ef65\" data-vc-accordion data-vc-container=\".vc_tta-container\"><span class=\"vc_tta-title-text\">Obt\u00e9n gratis<\/span><i class=\"vc_tta-controls-icon vc_tta-controls-icon-plus\"><\/i><\/a><\/h4><\/div><div class=\"vc_tta-panel-body\">\n\t<div class=\"wpb_text_column wpb_content_element\" >\n\t\t<div class=\"wpb_wrapper\">\n\t\t\t<p>Mapas de las carreteras de Costa Rica<\/p>\n<p class=\"font_7\">Libre kilometraje<\/p>\n<p class=\"font_7\">Disfruta de un upgrade a un veh\u00edculo de categor\u00eda superior en tu pr\u00f3ximo alquiler<\/p>\n\n\t\t<\/div>\n\t<\/div>\n<\/div><\/div><\/div><\/div><\/div><\/div><div class=\"vc_empty_space\"   style=\"height: 1px\"><span class=\"vc_empty_space_inner\"><\/span><\/div><h3  style=\"text-align: center\" class=\"vc_custom_heading\" >Ofertas<\/h3><section class=\"vc_cta3-container\"><div class=\"vc_general vc_cta3 vc_cta3-style-flat vc_cta3-shape-rounded vc_cta3-align-left vc_cta3-color-om-button-color vc_cta3-icon-size-md vc_cta3-actions-right\"><div class=\"vc_cta3_content-container\"><div class=\"vc_cta3-content\"><header class=\"vc_cta3-content-header\"><h2>Ahorra $250<\/h2><h4>SI TU PR\u00d3XIMO DESTINO ES LA FORTUNA, TE OFRECEMOS UN CONDUCTOR DESDE EL AEROPUERTO HASTA FORTUNA TOTALMENTE GRATIS<\/h4><\/header><p>Con un transporte privado puedes pagar desde $250 hasta $300 por este servicio<\/p>\n<\/div><div class=\"vc_cta3-actions\"><div class=\"vc_btn3-container vc_btn3-inline\" ><a class=\"vc_general vc_btn3 vc_btn3-size-md vc_btn3-shape-rounded vc_btn3-style-flat vc_btn3-color-om-accent-color2\" href=\"https:\/\/api.whatsapp.com\/send\/?phone=50661617710&#038;text&#038;app_absent=0\" title=\"whatsapp\" target=\"_blank\">Mas informaci\u00f3n<\/a><\/div><\/div><\/div><\/div><\/section><div class=\"vc_row wpb_row vc_inner vc_row-fluid\"><div class=\"wpb_column vc_column_container vc_col-sm-6\"><div class=\"vc_column-inner\"><div class=\"wpb_wrapper\"><section class=\"vc_cta3-container\"><div class=\"vc_general vc_cta3 vc_cta3-style-flat vc_cta3-shape-rounded vc_cta3-align-center vc_cta3-color-om-button-color vc_cta3-icon-size-md vc_cta3-actions-bottom\"><div class=\"vc_cta3_content-container\"><div class=\"vc_cta3-content\"><header class=\"vc_cta3-content-header\"><h2>Oferta de Cumplea\u00f1os<\/h2><h4>Disfruta de todo tu mes de cumplea\u00f1os<\/h4><\/header><p>El cumplea\u00f1os es una fecha s\u00faper especial. Trebol Rent a Car te damos m\u00e1s motivos para celebrar.\nDisfruta de un 5% de descuento en el mes de tu cumplea\u00f1os.<\/p>\n<p>Esta promoci\u00f3n no se puede combinar con ninguna otra oferta. Alquiler m\u00ednimo 7 d\u00edas<\/p>\n<\/div><div class=\"vc_cta3-actions\"><div class=\"vc_btn3-container vc_btn3-center\" ><a class=\"vc_general vc_btn3 vc_btn3-size-md vc_btn3-shape-rounded vc_btn3-style-flat vc_btn3-block vc_btn3-color-om-accent-color\" href=\"https:\/\/api.whatsapp.com\/send\/?phone=50661617710&#038;text&#038;app_absent=0\" title=\"whatsapp\" target=\"_blank\">Mas informaci\u00f3n<\/a><\/div><\/div><\/div><\/div><\/section><\/div><\/div><\/div><div class=\"wpb_column vc_column_container vc_col-sm-6\"><div class=\"vc_column-inner\"><div class=\"wpb_wrapper\"><section class=\"vc_cta3-container\"><div class=\"vc_general vc_cta3 vc_cta3-style-flat vc_cta3-shape-rounded vc_cta3-align-center vc_cta3-color-om-button-color vc_cta3-icon-size-md vc_cta3-actions-bottom\"><div class=\"vc_cta3_content-container\"><div class=\"vc_cta3-content\"><header class=\"vc_cta3-content-header\"><h2>Descuento a tus amigos<\/h2><h4>DISFRUTA DEL 10% DE DESCUENTO CON TREBOL RENT A CAR<\/h4><\/header><p>Una buena oferta siempre es algo que desea compartir con sus amigos, especialmente cuando ambas partes se benefician, disfrute de un 10% de descuento para usted y sus amigos en su pr\u00f3ximo alquiler.<\/p>\n<p>Esta promoci\u00f3n no se puede combinar con ninguna otra oferta. Alquiler m\u00ednimo 7 d\u00edas<\/p>\n<\/div><div class=\"vc_cta3-actions\"><div class=\"vc_btn3-container vc_btn3-center\" ><a class=\"vc_general vc_btn3 vc_btn3-size-md vc_btn3-shape-rounded vc_btn3-style-flat vc_btn3-block vc_btn3-color-om-accent-color\" href=\"https:\/\/api.whatsapp.com\/send\/?phone=50661617710&#038;text&#038;app_absent=0\" title=\"whatsapp\" target=\"_blank\">Mas informaci\u00f3n<\/a><\/div><\/div><\/div><\/div><\/section><\/div><\/div><\/div><\/div><div class=\"vc_empty_space\"   style=\"height: 1px\"><span class=\"vc_empty_space_inner\"><\/span><\/div><h3  style=\"text-align: center\" class=\"vc_custom_heading\" >Fotografias<\/h3><div class=\"wpb_gallery wpb_content_element  vc_clearfix\" ><div class=\"gallery-sliced gallery-without-captions\"><div class=\"gallery-sliced-box-row gallery-sliced-box-4\"><div class=\"img-box img-1\"><div class=\"hover-image-extra single-link\"><span class=\"back\"><img loading=\"lazy\" decoding=\"async\" width=\"766\" height=\"789\" src=\"https:\/\/trebolrentacar.com\/wp-content\/uploads\/2021\/10\/Rid-766x789.png\" alt=\"Rid\"\/><\/span><span class=\"over\"><a href=\"https:\/\/trebolrentacar.com\/wp-content\/uploads\/2021\/10\/Rid.png\" class=\"link-zoom\" rel=\"prettyPhoto[postgal_1605964848]\"><\/a><\/span><\/div><\/div><div class=\"img-box img-2\"><div class=\"hover-image-extra single-link\"><span class=\"back\"><img loading=\"lazy\" decoding=\"async\" width=\"467\" height=\"263\" src=\"https:\/\/trebolrentacar.com\/wp-content\/uploads\/2021\/10\/trebolrentacar.com-54-467x263.png\" alt=\"trebolrentacar.com (54)\"\/><\/span><span class=\"over\"><a href=\"https:\/\/trebolrentacar.com\/wp-content\/uploads\/2021\/10\/trebolrentacar.com-54.png\" class=\"link-zoom\" rel=\"prettyPhoto[postgal_1605964848]\"><\/a><\/span><\/div><\/div><div class=\"img-box img-3\"><div class=\"hover-image-extra single-link\"><span class=\"back\"><img loading=\"lazy\" decoding=\"async\" width=\"467\" height=\"263\" src=\"https:\/\/trebolrentacar.com\/wp-content\/uploads\/2021\/10\/trebolrentacar.com-53-467x263.png\" alt=\"trebolrentacar.com (53)\"\/><\/span><span class=\"over\"><a href=\"https:\/\/trebolrentacar.com\/wp-content\/uploads\/2021\/10\/trebolrentacar.com-53.png\" class=\"link-zoom\" rel=\"prettyPhoto[postgal_1605964848]\"><\/a><\/span><\/div><\/div><div class=\"img-box img-4\"><div class=\"hover-image-extra single-link\"><span class=\"back\"><img loading=\"lazy\" decoding=\"async\" width=\"467\" height=\"263\" src=\"https:\/\/trebolrentacar.com\/wp-content\/uploads\/2021\/10\/trebolrentacar.com-52-467x263.png\" alt=\"trebolrentacar.com (52)\"\/><\/span><span class=\"over\"><a href=\"https:\/\/trebolrentacar.com\/wp-content\/uploads\/2021\/10\/trebolrentacar.com-52.png\" class=\"link-zoom\" rel=\"prettyPhoto[postgal_1605964848]\"><\/a><\/span><\/div><\/div><div class=\"clear\"><\/div><\/div><\/div><\/div><div class=\"vc_empty_space\"   style=\"height: 1px\"><span class=\"vc_empty_space_inner\"><\/span><\/div><\/div><\/div><\/div><\/div><\/div>","protected":false},"excerpt":{"rendered":"All you need to knowBasic InsuranceFull InsuranceBasic Insurance It is mandatory, it is included in the total price. This is a combination product that includes&hellip;<p><a href=\"https:\/\/trebolrentacar.com\/es\/news\/\" class=\"read-more-link\">Read more<\/a><\/p>","protected":false},"author":1,"featured_media":0,"parent":0,"menu_order":0,"comment_status":"closed","ping_status":"closed","template":"","meta":{"footnotes":""},"class_list":["post-122","page","type-page","status-publish","hentry"],"_links":{"self":[{"href":"https:\/\/trebolrentacar.com\/es\/wp-json\/wp\/v2\/pages\/122","targetHints":{"allow":["GET"]}}],"collection":[{"href":"https:\/\/trebolrentacar.com\/es\/wp-json\/wp\/v2\/pages"}],"about":[{"href":"https:\/\/trebolrentacar.com\/es\/wp-json\/wp\/v2\/types\/page"}],"author":[{"embeddable":true,"href":"https:\/\/trebolrentacar.com\/es\/wp-json\/wp\/v2\/users\/1"}],"replies":[{"embeddable":true,"href":"https:\/\/trebolrentacar.com\/es\/wp-json\/wp\/v2\/comments?post=122"}],"version-history":[{"count":16,"href":"https:\/\/trebolrentacar.com\/es\/wp-json\/wp\/v2\/pages\/122\/revisions"}],"predecessor-version":[{"id":260,"href":"https:\/\/trebolrentacar.com\/es\/wp-json\/wp\/v2\/pages\/122\/revisions\/260"}],"wp:attachment":[{"href":"https:\/\/trebolrentacar.com\/es\/wp-json\/wp\/v2\/media?parent=122"}],"curies":[{"name":"wp","href":"https:\/\/api.w.org\/{rel}","templated":true}]}}